{"id":39,"date":"2022-10-05T07:09:18","date_gmt":"2022-10-05T07:09:18","guid":{"rendered":"https:\/\/e-siege.ro\/?page_id=39"},"modified":"2024-05-10T09:31:12","modified_gmt":"2024-05-10T09:31:12","slug":"echipa","status":"publish","type":"page","link":"https:\/\/e-siege.ro\/en\/echipa\/","title":{"rendered":"Project Team"},"content":{"rendered":"<p><strong>Project Manager<\/strong><\/p>\n\n\n<style>.wp-block-kadence-spacer.kt-block-spacer-39_f927c8-58 .kt-block-spacer{height:2px;}.wp-block-kadence-spacer.kt-block-spacer-39_f927c8-58 .kt-divider{border-top-width:1px;height:1px;border-top-color:var(--global-palette1, #3182CE);width:100%;border-top-style:solid;}<\/style>\n<div class=\"wp-block-kadence-spacer aligncenter kt-block-spacer-39_f927c8-58\"><div class=\"kt-block-spacer kt-block-spacer-halign-left\"><hr class=\"kt-divider\"\/><\/div><\/div>\n\n\n\n<p><strong>Corneliu Pintilescu\u00a0<\/strong>is researcher at the George Bari\u0163iu Institute of History in Cluj-Napoca. He has a PhD in History from the Babe\u015f-Bolyai University. His research interests include emergency powers and dictatorial regimes in twentieth century Romania, political opposition and state coercion in the Eastern Bloc, nationalities policies in post-war Romania. Latest publications: \u201eState of Siege and the Holocaust in Romania: An Incursion into the Origins of the Legal Framework for the Operation of the Camps under the Antonescu Regime\u201d,\u00a0<em>Holocaust \u2014 Studii \u015fi cercet\u0103ri<\/em>, vol. 13, nr. 1 (2022); \u201eThe Reverberations of the October 1917 Revolution and the State of Siege in Interwar Romania\u201d in Gerhard Besier, Katarzyna Stoklosa (eds.),\u00a0<em>1917 and the Consequences<\/em>, Routledge, London, 2020.<\/p>\n\n\n<style>.wp-block-kadence-spacer.kt-block-spacer-39_f9d354-c7 .kt-block-spacer{height:6px;}.wp-block-kadence-spacer.kt-block-spacer-39_f9d354-c7 .kt-divider{border-top-width:1px;height:1px;border-top-color:var(--global-palette1, #3182CE);width:100%;border-top-style:solid;}<\/style>\n<div class=\"wp-block-kadence-spacer aligncenter kt-block-spacer-39_f9d354-c7\"><div class=\"kt-block-spacer kt-block-spacer-halign-center\"><hr class=\"kt-divider\"\/><\/div><\/div>\n\n\n\n<p><\/p>\n\n\n\n<p><strong>Cosmin Sebastian Cercel<\/strong>&nbsp;is currently Assistant Research Professor at the Lazarski University in Warsaw. Prior to moving to Lazarski, he was Associate Professor at the University of Nottingham School of Law and a Visiting Professor at the Sorbonne School of Law (2015). He holds a doctorate in Comparative Law from the Sorbonne School of Law (2012). His main research explores the nexus between law and authoritarian ideologies with a specific focus on continental legal theory and constitutional history. He is currently conducting research within the framework of the PCE project The Rule of Law and Peripheral Constitutionalism (NEC) and of the TE project An Ethnography of the Dual State (Romanian Academy). He is the author of&nbsp;<em>Towards a Jurisprudence of State Communism: Law and the Failure of Revolution&nbsp;<\/em>(Routledge, 2018) \u0219i unul dintre coordonatorii volumului colectiv&nbsp;<em>&nbsp;States of Exception: Law, History, Theory&nbsp;<\/em>Recently, he has co-edited (with Gian-Giacomo Fusco and Simon Lavis), States of Exception: Law, History, Theory (Routledge, 2020). Other recent publications include, \u201cLaw, Politics, and the Military: Towards a Theory of Authoritarian Adjudication\u201d,&nbsp;<em>German Law Journal<\/em>&nbsp;(2021) Vol. 22, No. 7, pp. 171-196,  \u201cReversing Liberal Legality: Romania\u2019s Path to Dictatorship, 1930-1938\u201d,&nbsp;<em>Journal of Romanian Studies<\/em>&nbsp;(2020) Vol. 2, No. 2, 23-52 and \u201cThe Law of Blood: Totalitarianism, Criminal Law and the Body Politic of World War Two Romania\u201d in Stephen Skinner (ed.), Ideology and Criminal Law: Fascist, National Socialist and Authoritarian Regimes, Oxford: Hart, 2019, 345-368.&nbsp;<em>\u0218efii de stat: dinamica autoritar\u0103 a puterii politice \u00een istoria constitu\u021bional\u0103 rom\u00e2neasc\u0103<\/em> (Universul Juridic, 2020), 313-427. A contribuit la volumele colective&nbsp;<em>Ce mai r\u0103m\u00e2ne din Mai 68?<\/em> (coordonat de Alex Cistelecan \u0219i Alex Ciorogar) \u0219i&nbsp;<em>Epoca Traian B\u0103sescu. Rom\u00e2nia \u00een 2004\u20112014<\/em>&nbsp;(coordonat de Florin Poenaru \u0219i Costi Rogozanu).&nbsp;<\/p>\n\n\n\n<p><strong>Iuliana Nagy<\/strong>&nbsp;has an MA from The Department of History, Patrimony and Protestant Theology within \u201cLucian Blaga\u201d University, Sibiu, Romania, with a dissertation entitled Psychiatry and Political Repression in Communist Romania (1965-1989). Her main research interests include the history of religious minorities in Romania, such as Old Calendarist, Tudorist, and Neo-protestant communities, the manner in which they were perceived by the totalitarian regimes and their secret police in the 20th century Romania, as well as the repressive mechanisms used towards these communities. She was a member of the European Research Council Project, Creative Agency and Religious Minorities: Hidden Galleries in the Secret Police Archives in Central and Eastern Europe (Hidden Galleries) (2016-2020) and has a PhD entitled Hidden Galleries, Silenced Communities: Religious Communities and the Secret Police in 20th Century Romania. She is currently a member of the project \u201eAn Etnography of the \u201cdual state\u201d: the state of siege and the ascent of authoritarianism in Romania(1933-1944)\u201d.<\/p>\n\n\n\n<p><strong>Petre Matei<\/strong>&nbsp;holds a PhD in History from the University of Bucharest with a thesis on the history of Roma in Romania. He held a DAAD scholarship in 2006 and a Tziporah Wiesel fellowship at the Center for Advanced Holocaust Studies of the U.S. Holocaust Memorial Museum in 2012. He is the author of around thirty articles on Roma history, member in several research projects, project coordinator of&nbsp;<em>The Roma survivors of Deportations to Transnistria<\/em>&nbsp;project and with Vintil\u0103 Mih\u0103ilescu he co-edited&nbsp;<em>Condi\u021bia rom\u0103. Schimbarea discursului<\/em>. (Ia\u0219i: Polirom 2014) and&nbsp;<em>Roma. Der Diskurswandel&nbsp;<\/em>(Viena: new academic press 2020). De asemenea, se afl\u0103 sub tipar volumul&nbsp;<em>Mi\u0219carea rom\u0103 din Rom\u00e2nia \u00een presa interbelic\u0103 : 1933-1941<\/em>&nbsp;(Cluj: ISPMN&amp;INSHR-EW 2022). His research interests focus on Roma history, the Holocaust, compensation, and memory. Between January-July 2021, he was a research fellow at the Vienna Wiesenthal Institute for Holocaust Studies with the project&nbsp;<em>Roma Deportations to Transnistria during the<a><\/a>Second World War. Between Central Decision-Making and Local Initiatives<\/em>.<\/p>","protected":false},"excerpt":{"rendered":"<p>Director de proiect Corneliu Pintilescu\u00a0este cercet\u0103tor la Institutul de Istorie George Bari\u021biu Cluj-Napoca al Academiei Rom\u0203ne. A ob\u021binut un doctorat \u00een domeniul Istorie de la Universitatea Babe\u0219-Bolyai \u00een anul 2010. Temele sale de cercetare principale sunt: puteri ale st\u0103rii de necesitate \u0219i regimuri dictatoriale \u00een Rom\u0203nia secolului XX, opozi\u021bie \u0219i coerci\u021bie \u00een Blocul Estic, politicile&#8230;<\/p>","protected":false},"author":1,"featured_media":0,"parent":0,"menu_order":0,"comment_status":"closed","ping_status":"closed","template":"","meta":{"_kad_blocks_custom_css":"","_kad_blocks_head_custom_js":"","_kad_blocks_body_custom_js":"","_kad_blocks_footer_custom_js":"","_kad_post_transparent":"","_kad_post_title":"","_kad_post_layout":"","_kad_post_sidebar_id":"","_kad_post_content_style":"","_kad_post_vertical_padding":"","_kad_post_feature":"","_kad_post_feature_position":"","_kad_post_header":false,"_kad_post_footer":false,"_kad_post_classname":"","footnotes":""},"class_list":["post-39","page","type-page","status-publish","hentry"],"taxonomy_info":[],"featured_image_src_large":false,"author_info":{"display_name":"mihaiv","author_link":"https:\/\/e-siege.ro\/en\/author\/mihaiv\/"},"comment_info":0,"_links":{"self":[{"href":"https:\/\/e-siege.ro\/en\/wp-json\/wp\/v2\/pages\/39","targetHints":{"allow":["GET"]}}],"collection":[{"href":"https:\/\/e-siege.ro\/en\/wp-json\/wp\/v2\/pages"}],"about":[{"href":"https:\/\/e-siege.ro\/en\/wp-json\/wp\/v2\/types\/page"}],"author":[{"embeddable":true,"href":"https:\/\/e-siege.ro\/en\/wp-json\/wp\/v2\/users\/1"}],"replies":[{"embeddable":true,"href":"https:\/\/e-siege.ro\/en\/wp-json\/wp\/v2\/comments?post=39"}],"version-history":[{"count":7,"href":"https:\/\/e-siege.ro\/en\/wp-json\/wp\/v2\/pages\/39\/revisions"}],"predecessor-version":[{"id":257,"href":"https:\/\/e-siege.ro\/en\/wp-json\/wp\/v2\/pages\/39\/revisions\/257"}],"wp:attachment":[{"href":"https:\/\/e-siege.ro\/en\/wp-json\/wp\/v2\/media?parent=39"}],"curies":[{"name":"wp","href":"https:\/\/api.w.org\/{rel}","templated":true}]}}