{"id":41,"date":"2022-10-05T07:10:53","date_gmt":"2022-10-05T07:10:53","guid":{"rendered":"https:\/\/e-siege.ro\/?page_id=41"},"modified":"2022-11-28T12:38:50","modified_gmt":"2022-11-28T12:38:50","slug":"obiective","status":"publish","type":"page","link":"https:\/\/e-siege.ro\/en\/obiective\/","title":{"rendered":"Objectives"},"content":{"rendered":"<p>Drawing on the research of the state of siege legislation and the publications on emergency powers from interwar and World War II Romania, the archival fonds created by the military courts, the police, the gendarmerie, and the Romanian secret services on the state of siege mechanisms, and the testimonies of that period, the research has the following objectives:<\/p>\n\n\n\n<p>to provide a timeline and a cartography of the origins and the uses of the state of siege between 1933 and 1944; this timeline will focus to trace the genealogy of the legislation related to the state of siege mechanisms in interwar Romania and its shifts.<\/p>\n\n\n\n<p>to provide an analysis of the sources of the discourse legitimatizing  the use of state of siege mechanisms by focusing on the complex relation between the narratives on the dangers for state security coming from inside or outside the country and the emergency powers.<\/p>\n\n\n\n<p>to analyze how the state of siege mechanisms worked at the central and at the grassroots level within the secret services (\u201cSiguran\u021ba\u201d and the SSI), the gendarmerie, and those branches of the military directly involved in implementing the state of siege.<\/p>\n\n\n\n<p>to provide an assessment of how state of siege mechanisms affected everyday life, limited civil rights and contributed to the delegitimization and dismantlement of the liberal order defined by the 1923 Romanian Constitution; this analysis will be carried out by paying attention to the entangled relation between state of siege, the dismantlement of the liberal order, and the rise of authoritarianism in the 1930s.<\/p>\n\n\n\n<p>to assess the role played by state of siege in the emergence and the inner mechanisms of the successive dictatorships of the period 1938-1944; this objective supposes to provide a conceptual map of the relation between the suspension of constitutional guarantees and the far right ideologies of Carolism, Iron Guard and of Antonescu\u2019s military regime; it will also focus on how these dictatorial regimes instrumentalized the discourse on emergency situations in order to legitimize seizing power and perpetrate state political violence; concerning the latter the research will focus on the use of military courts as key institutions of the state of siege mechanisms of King Carol II to Antonescu\u2019s dictatorships.<\/p>","protected":false},"excerpt":{"rendered":"<p>Pe baza cercet\u0103rii legisla\u021biei st\u0103rii de asediu \u0219i a publica\u021biilor reflect\u0203nd aceast\u0103 tem\u0103 din Rom\u0203nia perioadei interbelice \u0219i a celui de-al Doilea R\u0103zboi Mondial, a fondurilor arhivistice create de tribunalele militare, poli\u021bie, jandarmerie \u0219i servicii secrete, acest proiect \u00ee\u0219i propune \u00eendeplinirea urm\u0103toarelor obiective: 1.s\u0103 cartografieze momentele de turnur\u0103 ale utiliz\u0103rii st\u0103rii de asediu \u00een perioada&#8230;<\/p>","protected":false},"author":1,"featured_media":0,"parent":0,"menu_order":0,"comment_status":"closed","ping_status":"closed","template":"","meta":{"_kad_blocks_custom_css":"","_kad_blocks_head_custom_js":"","_kad_blocks_body_custom_js":"","_kad_blocks_footer_custom_js":"","_kad_post_transparent":"","_kad_post_title":"","_kad_post_layout":"","_kad_post_sidebar_id":"","_kad_post_content_style":"","_kad_post_vertical_padding":"","_kad_post_feature":"","_kad_post_feature_position":"","_kad_post_header":false,"_kad_post_footer":false,"_kad_post_classname":"","footnotes":""},"class_list":["post-41","page","type-page","status-publish","hentry"],"taxonomy_info":[],"featured_image_src_large":false,"author_info":{"display_name":"mihaiv","author_link":"https:\/\/e-siege.ro\/en\/author\/mihaiv\/"},"comment_info":0,"_links":{"self":[{"href":"https:\/\/e-siege.ro\/en\/wp-json\/wp\/v2\/pages\/41","targetHints":{"allow":["GET"]}}],"collection":[{"href":"https:\/\/e-siege.ro\/en\/wp-json\/wp\/v2\/pages"}],"about":[{"href":"https:\/\/e-siege.ro\/en\/wp-json\/wp\/v2\/types\/page"}],"author":[{"embeddable":true,"href":"https:\/\/e-siege.ro\/en\/wp-json\/wp\/v2\/users\/1"}],"replies":[{"embeddable":true,"href":"https:\/\/e-siege.ro\/en\/wp-json\/wp\/v2\/comments?post=41"}],"version-history":[{"count":2,"href":"https:\/\/e-siege.ro\/en\/wp-json\/wp\/v2\/pages\/41\/revisions"}],"predecessor-version":[{"id":179,"href":"https:\/\/e-siege.ro\/en\/wp-json\/wp\/v2\/pages\/41\/revisions\/179"}],"wp:attachment":[{"href":"https:\/\/e-siege.ro\/en\/wp-json\/wp\/v2\/media?parent=41"}],"curies":[{"name":"wp","href":"https:\/\/api.w.org\/{rel}","templated":true}]}}